{"id":695,"date":"2024-02-26T06:17:24","date_gmt":"2024-02-26T06:17:24","guid":{"rendered":"https:\/\/pogany.be\/50-years-chopard-an-pogany\/"},"modified":"2024-02-26T06:17:25","modified_gmt":"2024-02-26T06:17:25","slug":"50-years-chopard-an-pogany","status":"publish","type":"page","link":"https:\/\/pogany.be\/fr\/50-years-chopard-an-pogany\/","title":{"rendered":"50 Years Chopard an Pogany"},"content":{"rendered":"\t\t<div data-elementor-type=\"wp-page\" data-elementor-id=\"695\" class=\"elementor elementor-695 elementor-662\" data-elementor-post-type=\"page\">\n\t\t\t\t\t\t<section class=\"elementor-section elementor-top-section elementor-element elementor-element-323b38a elementor-section-full_width elementor-section-height-default elementor-section-height-default\" data-id=\"323b38a\" data-element_type=\"section\" data-e-type=\"section\" data-settings=\"{&quot;background_background&quot;:&quot;classic&quot;}\">\n\t\t\t\t\t\t<div class=\"elementor-container elementor-column-gap-default\">\n\t\t\t\t\t<div class=\"elementor-column elementor-col-100 elementor-top-column elementor-element elementor-element-0371a94\" data-id=\"0371a94\" data-element_type=\"column\" data-e-type=\"column\">\n\t\t\t<div class=\"elementor-widget-wrap elementor-element-populated\">\n\t\t\t\t\t\t<section class=\"elementor-section elementor-inner-section elementor-element elementor-element-8249996 elementor-section-full_width elementor-section-height-default elementor-section-height-default\" data-id=\"8249996\" data-element_type=\"section\" data-e-type=\"section\">\n\t\t\t\t\t\t<div class=\"elementor-container elementor-column-gap-default\">\n\t\t\t\t\t<div class=\"elementor-column elementor-col-100 elementor-inner-column elementor-element elementor-element-08aee71\" data-id=\"08aee71\" data-element_type=\"column\" data-e-type=\"column\">\n\t\t\t<div class=\"elementor-widget-wrap elementor-element-populated\">\n\t\t\t\t\t\t<div class=\"elementor-element elementor-element-ec2aea3 elementor-widget elementor-widget-gallery\" data-id=\"ec2aea3\" data-element_type=\"widget\" data-e-type=\"widget\" data-settings=\"{&quot;columns&quot;:6,&quot;aspect_ratio&quot;:&quot;9:16&quot;,&quot;columns_tablet&quot;:3,&quot;columns_mobile&quot;:3,&quot;lazyload&quot;:&quot;yes&quot;,&quot;gallery_layout&quot;:&quot;grid&quot;,&quot;gap&quot;:{&quot;unit&quot;:&quot;px&quot;,&quot;size&quot;:10,&quot;sizes&quot;:[]},&quot;gap_tablet&quot;:{&quot;unit&quot;:&quot;px&quot;,&quot;size&quot;:10,&quot;sizes&quot;:[]},&quot;gap_mobile&quot;:{&quot;unit&quot;:&quot;px&quot;,&quot;size&quot;:10,&quot;sizes&quot;:[]},&quot;link_to&quot;:&quot;file&quot;,&quot;overlay_background&quot;:&quot;yes&quot;,&quot;content_hover_animation&quot;:&quot;fade-in&quot;}\" data-widget_type=\"gallery.default\">\n\t\t\t\t<div class=\"elementor-widget-container\">\n\t\t\t\t\t\t\t<div class=\"elementor-gallery__container\">\n\t\t\t\t\t\t\t<a class=\"e-gallery-item elementor-gallery-item elementor-animated-content\" href=\"https:\/\/pogany.be\/wp-content\/uploads\/2024\/02\/Chopard-Pogany-2.jpg\" data-elementor-open-lightbox=\"yes\" data-elementor-lightbox-slideshow=\"ec2aea3\" data-e-action-hash=\"#elementor-action%3Aaction%3Dlightbox%26settings%3DeyJpZCI6NjY5LCJ1cmwiOiJodHRwczpcL1wvcG9nYW55LmJlXC93cC1jb250ZW50XC91cGxvYWRzXC8yMDI0XC8wMlwvQ2hvcGFyZC1Qb2dhbnktMi5qcGciLCJzbGlkZXNob3ciOiJlYzJhZWEzIn0%3D\">\n\t\t\t\t\t<div class=\"e-gallery-image elementor-gallery-item__image\" data-thumbnail=\"https:\/\/pogany.be\/wp-content\/uploads\/2024\/02\/Chopard-Pogany-2.jpg\" data-width=\"600\" data-height=\"900\" aria-label=\"\" role=\"img\" ><\/div>\n\t\t\t\t\t\t\t\t\t\t\t<div class=\"elementor-gallery-item__overlay\"><\/div>\n\t\t\t\t\t\t\t\t\t\t\t\t\t\t<\/a>\n\t\t\t\t\t\t\t<a class=\"e-gallery-item elementor-gallery-item elementor-animated-content\" href=\"https:\/\/pogany.be\/wp-content\/uploads\/2024\/02\/Chopard-Pogany-1.jpg\" data-elementor-open-lightbox=\"yes\" data-elementor-lightbox-slideshow=\"ec2aea3\" data-e-action-hash=\"#elementor-action%3Aaction%3Dlightbox%26settings%3DeyJpZCI6NjY3LCJ1cmwiOiJodHRwczpcL1wvcG9nYW55LmJlXC93cC1jb250ZW50XC91cGxvYWRzXC8yMDI0XC8wMlwvQ2hvcGFyZC1Qb2dhbnktMS5qcGciLCJzbGlkZXNob3ciOiJlYzJhZWEzIn0%3D\">\n\t\t\t\t\t<div class=\"e-gallery-image elementor-gallery-item__image\" data-thumbnail=\"https:\/\/pogany.be\/wp-content\/uploads\/2024\/02\/Chopard-Pogany-1.jpg\" data-width=\"600\" data-height=\"900\" aria-label=\"\" role=\"img\" ><\/div>\n\t\t\t\t\t\t\t\t\t\t\t<div class=\"elementor-gallery-item__overlay\"><\/div>\n\t\t\t\t\t\t\t\t\t\t\t\t\t\t<\/a>\n\t\t\t\t\t\t\t<a class=\"e-gallery-item elementor-gallery-item elementor-animated-content\" href=\"https:\/\/pogany.be\/wp-content\/uploads\/2024\/02\/Chopard-Pogany-3.jpg\" data-elementor-open-lightbox=\"yes\" data-elementor-lightbox-slideshow=\"ec2aea3\" data-e-action-hash=\"#elementor-action%3Aaction%3Dlightbox%26settings%3DeyJpZCI6NjcxLCJ1cmwiOiJodHRwczpcL1wvcG9nYW55LmJlXC93cC1jb250ZW50XC91cGxvYWRzXC8yMDI0XC8wMlwvQ2hvcGFyZC1Qb2dhbnktMy5qcGciLCJzbGlkZXNob3ciOiJlYzJhZWEzIn0%3D\">\n\t\t\t\t\t<div class=\"e-gallery-image elementor-gallery-item__image\" data-thumbnail=\"https:\/\/pogany.be\/wp-content\/uploads\/2024\/02\/Chopard-Pogany-3.jpg\" data-width=\"600\" data-height=\"900\" aria-label=\"\" role=\"img\" ><\/div>\n\t\t\t\t\t\t\t\t\t\t\t<div class=\"elementor-gallery-item__overlay\"><\/div>\n\t\t\t\t\t\t\t\t\t\t\t\t\t\t<\/a>\n\t\t\t\t\t\t\t<a class=\"e-gallery-item elementor-gallery-item elementor-animated-content\" href=\"https:\/\/pogany.be\/wp-content\/uploads\/2024\/02\/Chopard-x-Pogany.jpg\" data-elementor-open-lightbox=\"yes\" data-elementor-lightbox-slideshow=\"ec2aea3\" data-e-action-hash=\"#elementor-action%3Aaction%3Dlightbox%26settings%3DeyJpZCI6NjgxLCJ1cmwiOiJodHRwczpcL1wvcG9nYW55LmJlXC93cC1jb250ZW50XC91cGxvYWRzXC8yMDI0XC8wMlwvQ2hvcGFyZC14LVBvZ2FueS5qcGciLCJzbGlkZXNob3ciOiJlYzJhZWEzIn0%3D\">\n\t\t\t\t\t<div class=\"e-gallery-image elementor-gallery-item__image\" data-thumbnail=\"https:\/\/pogany.be\/wp-content\/uploads\/2024\/02\/Chopard-x-Pogany.jpg\" data-width=\"1200\" data-height=\"1800\" aria-label=\"\" role=\"img\" ><\/div>\n\t\t\t\t\t\t\t\t\t\t\t<div class=\"elementor-gallery-item__overlay\"><\/div>\n\t\t\t\t\t\t\t\t\t\t\t\t\t\t<\/a>\n\t\t\t\t\t\t\t<a class=\"e-gallery-item elementor-gallery-item elementor-animated-content\" href=\"https:\/\/pogany.be\/wp-content\/uploads\/2024\/02\/Chopard-Pogany-4.jpg\" data-elementor-open-lightbox=\"yes\" data-elementor-lightbox-slideshow=\"ec2aea3\" data-e-action-hash=\"#elementor-action%3Aaction%3Dlightbox%26settings%3DeyJpZCI6NjczLCJ1cmwiOiJodHRwczpcL1wvcG9nYW55LmJlXC93cC1jb250ZW50XC91cGxvYWRzXC8yMDI0XC8wMlwvQ2hvcGFyZC1Qb2dhbnktNC5qcGciLCJzbGlkZXNob3ciOiJlYzJhZWEzIn0%3D\">\n\t\t\t\t\t<div class=\"e-gallery-image elementor-gallery-item__image\" data-thumbnail=\"https:\/\/pogany.be\/wp-content\/uploads\/2024\/02\/Chopard-Pogany-4.jpg\" data-width=\"600\" data-height=\"900\" aria-label=\"\" role=\"img\" ><\/div>\n\t\t\t\t\t\t\t\t\t\t\t<div class=\"elementor-gallery-item__overlay\"><\/div>\n\t\t\t\t\t\t\t\t\t\t\t\t\t\t<\/a>\n\t\t\t\t\t\t\t<a class=\"e-gallery-item elementor-gallery-item elementor-animated-content\" href=\"https:\/\/pogany.be\/wp-content\/uploads\/2024\/02\/Chopard-Pogany-5.jpg\" data-elementor-open-lightbox=\"yes\" data-elementor-lightbox-slideshow=\"ec2aea3\" data-e-action-hash=\"#elementor-action%3Aaction%3Dlightbox%26settings%3DeyJpZCI6Njc1LCJ1cmwiOiJodHRwczpcL1wvcG9nYW55LmJlXC93cC1jb250ZW50XC91cGxvYWRzXC8yMDI0XC8wMlwvQ2hvcGFyZC1Qb2dhbnktNS5qcGciLCJzbGlkZXNob3ciOiJlYzJhZWEzIn0%3D\">\n\t\t\t\t\t<div class=\"e-gallery-image elementor-gallery-item__image\" data-thumbnail=\"https:\/\/pogany.be\/wp-content\/uploads\/2024\/02\/Chopard-Pogany-5.jpg\" data-width=\"600\" data-height=\"900\" aria-label=\"\" role=\"img\" ><\/div>\n\t\t\t\t\t\t\t\t\t\t\t<div class=\"elementor-gallery-item__overlay\"><\/div>\n\t\t\t\t\t\t\t\t\t\t\t\t\t\t<\/a>\n\t\t\t\t\t<\/div>\n\t\t\t\t\t<\/div>\n\t\t\t\t<\/div>\n\t\t\t\t\t<\/div>\n\t\t<\/div>\n\t\t\t\t\t<\/div>\n\t\t<\/section>\n\t\t\t\t\t<\/div>\n\t\t<\/div>\n\t\t\t\t\t<\/div>\n\t\t<\/section>\n\t\t\t\t<section class=\"elementor-section elementor-top-section elementor-element elementor-element-84cd497 elementor-section-boxed elementor-section-height-default elementor-section-height-default\" data-id=\"84cd497\" data-element_type=\"section\" data-e-type=\"section\" data-settings=\"{&quot;background_background&quot;:&quot;classic&quot;}\">\n\t\t\t\t\t\t<div class=\"elementor-container elementor-column-gap-no\">\n\t\t\t\t\t<div class=\"elementor-column elementor-col-100 elementor-top-column elementor-element elementor-element-fbac531\" data-id=\"fbac531\" data-element_type=\"column\" data-e-type=\"column\">\n\t\t\t<div class=\"elementor-widget-wrap elementor-element-populated\">\n\t\t\t\t\t\t<div class=\"elementor-element elementor-element-ca57996 elementor-widget elementor-widget-spacer\" data-id=\"ca57996\" data-element_type=\"widget\" data-e-type=\"widget\" data-widget_type=\"spacer.default\">\n\t\t\t\t<div class=\"elementor-widget-container\">\n\t\t\t\t\t\t\t<div class=\"elementor-spacer\">\n\t\t\t<div class=\"elementor-spacer-inner\"><\/div>\n\t\t<\/div>\n\t\t\t\t\t\t<\/div>\n\t\t\t\t<\/div>\n\t\t\t\t\t<\/div>\n\t\t<\/div>\n\t\t\t\t\t<\/div>\n\t\t<\/section>\n\t\t\t\t<section class=\"elementor-section elementor-top-section elementor-element elementor-element-69a7d32 elementor-section-height-min-height elementor-section-items-top elementor-reverse-mobile elementor-section-boxed elementor-section-height-default elementor-invisible\" data-id=\"69a7d32\" data-element_type=\"section\" data-e-type=\"section\" data-settings=\"{&quot;background_background&quot;:&quot;classic&quot;,&quot;animation&quot;:&quot;fadeIn&quot;}\">\n\t\t\t\t\t\t<div class=\"elementor-container elementor-column-gap-default\">\n\t\t\t\t\t<div class=\"elementor-column elementor-col-50 elementor-top-column elementor-element elementor-element-b4f7a97\" data-id=\"b4f7a97\" data-element_type=\"column\" data-e-type=\"column\">\n\t\t\t<div class=\"elementor-widget-wrap elementor-element-populated\">\n\t\t\t\t\t\t<div class=\"elementor-element elementor-element-92311c9 elementor-hidden-desktop elementor-widget elementor-widget-image\" data-id=\"92311c9\" data-element_type=\"widget\" data-e-type=\"widget\" data-widget_type=\"image.default\">\n\t\t\t\t<div class=\"elementor-widget-container\">\n\t\t\t\t\t\t\t\t\t\t\t\t\t\t\t<img fetchpriority=\"high\" decoding=\"async\" width=\"800\" height=\"533\" src=\"https:\/\/pogany.be\/wp-content\/uploads\/2024\/02\/Chopard-Pogany-6.jpg\" class=\"attachment-large size-large wp-image-678\" alt=\"\" srcset=\"https:\/\/pogany.be\/wp-content\/uploads\/2024\/02\/Chopard-Pogany-6.jpg 900w, https:\/\/pogany.be\/wp-content\/uploads\/2024\/02\/Chopard-Pogany-6-300x200.jpg 300w, https:\/\/pogany.be\/wp-content\/uploads\/2024\/02\/Chopard-Pogany-6-768x512.jpg 768w\" sizes=\"(max-width: 800px) 100vw, 800px\" \/>\t\t\t\t\t\t\t\t\t\t\t\t\t\t\t<\/div>\n\t\t\t\t<\/div>\n\t\t\t\t\t<\/div>\n\t\t<\/div>\n\t\t\t\t<div class=\"elementor-column elementor-col-50 elementor-top-column elementor-element elementor-element-724d66a\" data-id=\"724d66a\" data-element_type=\"column\" data-e-type=\"column\" data-settings=\"{&quot;background_background&quot;:&quot;classic&quot;}\">\n\t\t\t<div class=\"elementor-widget-wrap elementor-element-populated\">\n\t\t\t\t\t\t<div class=\"elementor-element elementor-element-08baebd elementor-hidden-mobile elementor-widget-divider--view-line elementor-widget elementor-widget-divider\" data-id=\"08baebd\" data-element_type=\"widget\" data-e-type=\"widget\" data-widget_type=\"divider.default\">\n\t\t\t\t<div class=\"elementor-widget-container\">\n\t\t\t\t\t\t\t<div class=\"elementor-divider\">\n\t\t\t<span class=\"elementor-divider-separator\">\n\t\t\t\t\t\t<\/span>\n\t\t<\/div>\n\t\t\t\t\t\t<\/div>\n\t\t\t\t<\/div>\n\t\t\t\t<div class=\"elementor-element elementor-element-0e098ce elementor-widget elementor-widget-heading\" data-id=\"0e098ce\" data-element_type=\"widget\" data-e-type=\"widget\" data-widget_type=\"heading.default\">\n\t\t\t\t<div class=\"elementor-widget-container\">\n\t\t\t\t\t<h2 class=\"elementor-heading-title elementor-size-default\">Pour c\u00e9l\u00e9brer les 50 ans de collaboration, Chopard et Pogany ont cr\u00e9\u00e9 une montre limit\u00e9e \u00e0 20 exemplaires avec des diamants blancs et des saphirs roses.<\/h2>\t\t\t\t<\/div>\n\t\t\t\t<\/div>\n\t\t\t\t<div class=\"elementor-element elementor-element-271e104 elementor-widget elementor-widget-text-editor\" data-id=\"271e104\" data-element_type=\"widget\" data-e-type=\"widget\" data-widget_type=\"text-editor.default\">\n\t\t\t\t<div class=\"elementor-widget-container\">\n\t\t\t\t\t\t\t\t\t<p><strong><em>\u00ab\u00a0Nous avons le plaisir de pr\u00e9senter une montre unique et limit\u00e9e que nous avons cr\u00e9\u00e9e avec Chopard\u00a0\u00bb. <\/em><\/strong><\/p>\n<p><strong><em>Tania Pogany &amp; Lauren Fleischer<\/em><\/strong><\/p>\n\t\t\t\t\t\t\t\t<\/div>\n\t\t\t\t<\/div>\n\t\t\t\t\t<\/div>\n\t\t<\/div>\n\t\t\t\t\t<\/div>\n\t\t<\/section>\n\t\t\t\t<\/div>\n\t\t","protected":false},"excerpt":{"rendered":"<p>Pour c\u00e9l\u00e9brer les 50 ans de collaboration, Chopard et Pogany ont cr\u00e9\u00e9 une montre limit\u00e9e \u00e0 20 exemplaires avec des diamants blancs et des saphirs roses. \u00ab\u00a0Nous avons le plaisir de pr\u00e9senter une montre unique et limit\u00e9e que nous avons cr\u00e9\u00e9e avec Chopard\u00a0\u00bb. Tania Pogany &amp; Lauren Fleischer<\/p>\n","protected":false},"author":1,"featured_media":0,"parent":0,"menu_order":0,"comment_status":"closed","ping_status":"closed","template":"elementor_header_footer","meta":{"footnotes":""},"class_list":["post-695","page","type-page","status-publish","hentry"],"yoast_head":"<!-- This site is optimized with the Yoast SEO plugin v27.0 - https:\/\/yoast.com\/product\/yoast-seo-wordpress\/ -->\n<title>50 Years Chopard an Pogany - Pogany<\/title>\n<meta name=\"description\" content=\"Pour c\u00e9l\u00e9brer les 50 ans de collaboration, Chopard et Pogany ont cr\u00e9\u00e9 une montre limit\u00e9e \u00e0 20 exemplaires avec des diamants blancs et des saphirs roses.\" \/>\n<meta name=\"robots\" content=\"index, follow, max-snippet:-1, max-image-preview:large, max-video-preview:-1\" \/>\n<link rel=\"canonical\" href=\"https:\/\/pogany.be\/50-years-chopard-an-pogany\/\" \/>\n<meta property=\"og:locale\" content=\"fr_FR\" \/>\n<meta property=\"og:type\" content=\"article\" \/>\n<meta property=\"og:title\" content=\"50 Years Chopard an Pogany - Pogany\" \/>\n<meta property=\"og:description\" content=\"Pour c\u00e9l\u00e9brer les 50 ans de collaboration, Chopard et Pogany ont cr\u00e9\u00e9 une montre limit\u00e9e \u00e0 20 exemplaires avec des diamants blancs et des saphirs roses.\" \/>\n<meta property=\"og:url\" content=\"https:\/\/pogany.be\/50-years-chopard-an-pogany\/\" \/>\n<meta property=\"og:site_name\" content=\"Pogany\" \/>\n<meta property=\"article:modified_time\" content=\"2024-02-26T06:17:25+00:00\" \/>\n<meta property=\"og:image\" content=\"https:\/\/pogany.be\/wp-content\/uploads\/2024\/02\/Chopard-Pogany-6.jpg\" \/>\n<meta name=\"twitter:card\" content=\"summary_large_image\" \/>\n<script type=\"application\/ld+json\" class=\"yoast-schema-graph\">{\"@context\":\"https:\/\/schema.org\",\"@graph\":[{\"@type\":\"WebPage\",\"@id\":\"https:\/\/pogany.be\/50-years-chopard-an-pogany\/\",\"url\":\"https:\/\/pogany.be\/50-years-chopard-an-pogany\/\",\"name\":\"50 Years Chopard an Pogany - Pogany\",\"isPartOf\":{\"@id\":\"https:\/\/pogany.be\/#website\"},\"primaryImageOfPage\":{\"@id\":\"https:\/\/pogany.be\/50-years-chopard-an-pogany\/#primaryimage\"},\"image\":{\"@id\":\"https:\/\/pogany.be\/50-years-chopard-an-pogany\/#primaryimage\"},\"thumbnailUrl\":\"https:\/\/pogany.be\/wp-content\/uploads\/2024\/02\/Chopard-Pogany-6.jpg\",\"datePublished\":\"2024-02-26T06:17:24+00:00\",\"dateModified\":\"2024-02-26T06:17:25+00:00\",\"description\":\"Pour c\u00e9l\u00e9brer les 50 ans de collaboration, Chopard et Pogany ont cr\u00e9\u00e9 une montre limit\u00e9e \u00e0 20 exemplaires avec des diamants blancs et des saphirs roses.\",\"breadcrumb\":{\"@id\":\"https:\/\/pogany.be\/50-years-chopard-an-pogany\/#breadcrumb\"},\"inLanguage\":\"fr-FR\",\"potentialAction\":[{\"@type\":\"ReadAction\",\"target\":[\"https:\/\/pogany.be\/50-years-chopard-an-pogany\/\"]}]},{\"@type\":\"ImageObject\",\"inLanguage\":\"fr-FR\",\"@id\":\"https:\/\/pogany.be\/50-years-chopard-an-pogany\/#primaryimage\",\"url\":\"https:\/\/pogany.be\/wp-content\/uploads\/2024\/02\/Chopard-Pogany-6.jpg\",\"contentUrl\":\"https:\/\/pogany.be\/wp-content\/uploads\/2024\/02\/Chopard-Pogany-6.jpg\"},{\"@type\":\"BreadcrumbList\",\"@id\":\"https:\/\/pogany.be\/50-years-chopard-an-pogany\/#breadcrumb\",\"itemListElement\":[{\"@type\":\"ListItem\",\"position\":1,\"name\":\"Home\",\"item\":\"https:\/\/pogany.be\/\"},{\"@type\":\"ListItem\",\"position\":2,\"name\":\"50 Years Chopard an Pogany\"}]},{\"@type\":\"WebSite\",\"@id\":\"https:\/\/pogany.be\/#website\",\"url\":\"https:\/\/pogany.be\/\",\"name\":\"Pogany\",\"description\":\"Exclusief juweliershuis Pogany Diamonds\",\"publisher\":{\"@id\":\"https:\/\/pogany.be\/#organization\"},\"potentialAction\":[{\"@type\":\"SearchAction\",\"target\":{\"@type\":\"EntryPoint\",\"urlTemplate\":\"https:\/\/pogany.be\/?s={search_term_string}\"},\"query-input\":{\"@type\":\"PropertyValueSpecification\",\"valueRequired\":true,\"valueName\":\"search_term_string\"}}],\"inLanguage\":\"fr-FR\"},{\"@type\":\"Organization\",\"@id\":\"https:\/\/pogany.be\/#organization\",\"name\":\"Pogany\",\"url\":\"https:\/\/pogany.be\/\",\"logo\":{\"@type\":\"ImageObject\",\"inLanguage\":\"fr-FR\",\"@id\":\"https:\/\/pogany.be\/#\/schema\/logo\/image\/\",\"url\":\"https:\/\/pogany.be\/wp-content\/uploads\/2022\/02\/pogany-diamonds.png\",\"contentUrl\":\"https:\/\/pogany.be\/wp-content\/uploads\/2022\/02\/pogany-diamonds.png\",\"width\":500,\"height\":500,\"caption\":\"Pogany\"},\"image\":{\"@id\":\"https:\/\/pogany.be\/#\/schema\/logo\/image\/\"}}]}<\/script>\n<!-- \/ Yoast SEO plugin. -->","yoast_head_json":{"title":"50 Years Chopard an Pogany - Pogany","description":"Pour c\u00e9l\u00e9brer les 50 ans de collaboration, Chopard et Pogany ont cr\u00e9\u00e9 une montre limit\u00e9e \u00e0 20 exemplaires avec des diamants blancs et des saphirs roses.","robots":{"index":"index","follow":"follow","max-snippet":"max-snippet:-1","max-image-preview":"max-image-preview:large","max-video-preview":"max-video-preview:-1"},"canonical":"https:\/\/pogany.be\/50-years-chopard-an-pogany\/","og_locale":"fr_FR","og_type":"article","og_title":"50 Years Chopard an Pogany - Pogany","og_description":"Pour c\u00e9l\u00e9brer les 50 ans de collaboration, Chopard et Pogany ont cr\u00e9\u00e9 une montre limit\u00e9e \u00e0 20 exemplaires avec des diamants blancs et des saphirs roses.","og_url":"https:\/\/pogany.be\/50-years-chopard-an-pogany\/","og_site_name":"Pogany","article_modified_time":"2024-02-26T06:17:25+00:00","og_image":[{"url":"https:\/\/pogany.be\/wp-content\/uploads\/2024\/02\/Chopard-Pogany-6.jpg","type":"","width":"","height":""}],"twitter_card":"summary_large_image","schema":{"@context":"https:\/\/schema.org","@graph":[{"@type":"WebPage","@id":"https:\/\/pogany.be\/50-years-chopard-an-pogany\/","url":"https:\/\/pogany.be\/50-years-chopard-an-pogany\/","name":"50 Years Chopard an Pogany - Pogany","isPartOf":{"@id":"https:\/\/pogany.be\/#website"},"primaryImageOfPage":{"@id":"https:\/\/pogany.be\/50-years-chopard-an-pogany\/#primaryimage"},"image":{"@id":"https:\/\/pogany.be\/50-years-chopard-an-pogany\/#primaryimage"},"thumbnailUrl":"https:\/\/pogany.be\/wp-content\/uploads\/2024\/02\/Chopard-Pogany-6.jpg","datePublished":"2024-02-26T06:17:24+00:00","dateModified":"2024-02-26T06:17:25+00:00","description":"Pour c\u00e9l\u00e9brer les 50 ans de collaboration, Chopard et Pogany ont cr\u00e9\u00e9 une montre limit\u00e9e \u00e0 20 exemplaires avec des diamants blancs et des saphirs roses.","breadcrumb":{"@id":"https:\/\/pogany.be\/50-years-chopard-an-pogany\/#breadcrumb"},"inLanguage":"fr-FR","potentialAction":[{"@type":"ReadAction","target":["https:\/\/pogany.be\/50-years-chopard-an-pogany\/"]}]},{"@type":"ImageObject","inLanguage":"fr-FR","@id":"https:\/\/pogany.be\/50-years-chopard-an-pogany\/#primaryimage","url":"https:\/\/pogany.be\/wp-content\/uploads\/2024\/02\/Chopard-Pogany-6.jpg","contentUrl":"https:\/\/pogany.be\/wp-content\/uploads\/2024\/02\/Chopard-Pogany-6.jpg"},{"@type":"BreadcrumbList","@id":"https:\/\/pogany.be\/50-years-chopard-an-pogany\/#breadcrumb","itemListElement":[{"@type":"ListItem","position":1,"name":"Home","item":"https:\/\/pogany.be\/"},{"@type":"ListItem","position":2,"name":"50 Years Chopard an Pogany"}]},{"@type":"WebSite","@id":"https:\/\/pogany.be\/#website","url":"https:\/\/pogany.be\/","name":"Pogany","description":"Exclusief juweliershuis Pogany Diamonds","publisher":{"@id":"https:\/\/pogany.be\/#organization"},"potentialAction":[{"@type":"SearchAction","target":{"@type":"EntryPoint","urlTemplate":"https:\/\/pogany.be\/?s={search_term_string}"},"query-input":{"@type":"PropertyValueSpecification","valueRequired":true,"valueName":"search_term_string"}}],"inLanguage":"fr-FR"},{"@type":"Organization","@id":"https:\/\/pogany.be\/#organization","name":"Pogany","url":"https:\/\/pogany.be\/","logo":{"@type":"ImageObject","inLanguage":"fr-FR","@id":"https:\/\/pogany.be\/#\/schema\/logo\/image\/","url":"https:\/\/pogany.be\/wp-content\/uploads\/2022\/02\/pogany-diamonds.png","contentUrl":"https:\/\/pogany.be\/wp-content\/uploads\/2022\/02\/pogany-diamonds.png","width":500,"height":500,"caption":"Pogany"},"image":{"@id":"https:\/\/pogany.be\/#\/schema\/logo\/image\/"}}]}},"_links":{"self":[{"href":"https:\/\/pogany.be\/fr\/wp-json\/wp\/v2\/pages\/695","targetHints":{"allow":["GET"]}}],"collection":[{"href":"https:\/\/pogany.be\/fr\/wp-json\/wp\/v2\/pages"}],"about":[{"href":"https:\/\/pogany.be\/fr\/wp-json\/wp\/v2\/types\/page"}],"author":[{"embeddable":true,"href":"https:\/\/pogany.be\/fr\/wp-json\/wp\/v2\/users\/1"}],"replies":[{"embeddable":true,"href":"https:\/\/pogany.be\/fr\/wp-json\/wp\/v2\/comments?post=695"}],"version-history":[{"count":1,"href":"https:\/\/pogany.be\/fr\/wp-json\/wp\/v2\/pages\/695\/revisions"}],"predecessor-version":[{"id":696,"href":"https:\/\/pogany.be\/fr\/wp-json\/wp\/v2\/pages\/695\/revisions\/696"}],"wp:attachment":[{"href":"https:\/\/pogany.be\/fr\/wp-json\/wp\/v2\/media?parent=695"}],"curies":[{"name":"wp","href":"https:\/\/api.w.org\/{rel}","templated":true}]}}